{"id":15434,"date":"2024-10-11T08:04:16","date_gmt":"2024-10-11T08:04:16","guid":{"rendered":"https:\/\/juriserver.de\/youpod.stagin\/?page_id=15434"},"modified":"2025-06-03T12:05:48","modified_gmt":"2025-06-03T10:05:48","slug":"neu","status":"publish","type":"page","link":"https:\/\/juriserver.de\/youpod.stagin\/upload\/neu\/","title":{"rendered":"Neuer Eintrag auf youpod.de"},"content":{"rendered":"<div class=\"wpb-content-wrapper\"><p>[vc_row full_width=&#8221;stretch_row&#8221; css=&#8221;.vc_custom_1744621906566{margin-top: -20px !important;margin-bottom: 40px !important;background-image: url(https:\/\/juriserver.de\/youpod.stagin\/wp-content\/uploads\/2025\/03\/square_bg.webp?id=15562) !important;}&#8221; el_class=&#8221;youpod_hide_loggedin&#8221;][vc_column][vc_column_text css=&#8221;&#8221; el_class=&#8221;youpod_hide_loggedin&#8221;]<\/p>\n<h3>Du bist (noch) nicht angemeldet &#8230;<\/h3>\n<p><strong>youpod.de lebt von Menschen wie dir. Sammel journalistische Erfahrung, teile deine Perspektive und ver\u00f6ffentliche deine Artikel auf youpod.de.<\/strong> Um alle Funktionen nutzen zu k\u00f6nnen und wirklich an Artikeln zu arbeiten, musst du dich anmelden. Dann bekommst du ein Profil und die M\u00f6glichkeit deine eigenen Beitr\u00e4ge einzureichen und zu bearbeiten.[\/vc_column_text][vc_btn title=&#8221;Konto erstellen&#8221; style=&#8221;flat&#8221; shape=&#8221;square&#8221; i_icon_fontawesome=&#8221;fa fa-solid fa-user-plus&#8221; css=&#8221;.vc_custom_1744621189426{margin-right: 2px !important;}&#8221; add_icon=&#8221;true&#8221; link=&#8221;url:https%3A%2F%2Fjuriserver.de%2Fyoupod.stagin%2Fregister%2F%3Fredirect_to%3D%2Fyoupod.stagin%2Fupload%2Fneu%2F&#8221;][vc_btn title=&#8221;Einloggen&#8221; style=&#8221;flat&#8221; shape=&#8221;square&#8221; i_icon_fontawesome=&#8221;fa fa-solid fa-user-check&#8221; css=&#8221;&#8221; add_icon=&#8221;true&#8221; link=&#8221;url:https%3A%2F%2Fjuriserver.de%2Fyoupod.stagin%2Flogin%2F%3Fredirect_to%3D%2Fyoupod.stagin%2Fupload%2Fneu%2F&#8221;][\/vc_column][\/vc_row][vc_row full_width=&#8221;stretch_row&#8221; css=&#8221;.vc_custom_1744621901243{margin-top: -20px !important;background-image: url(https:\/\/juriserver.de\/youpod.stagin\/wp-content\/uploads\/2025\/03\/square_bg.webp?id=15562) !important;}&#8221; el_class=&#8221;youpod_hide_loggedout&#8221;][vc_column][vc_column_text css=&#8221;&#8221;]<\/p>\n<h3>Willkommen zur\u00fcck <span style=\"color: var(--youpod-red);\">nicht-angemeldete*r Nutzer*in<\/span>!<\/h3>\n<p><strong>youpod.de lebt von Menschen wie dir!<\/strong> Sammel journalistische Erfahrung, teile deine Perspektive und ver\u00f6ffentliche deine Artikel auf youpod.de.[\/vc_column_text][\/vc_column][\/vc_row][vc_row full_width=&#8221;stretch_row&#8221; gap=&#8221;25&#8243; equal_height=&#8221;yes&#8221; content_placement=&#8221;middle&#8221; css=&#8221;.vc_custom_1744120216930{margin-bottom: 0px !important;}&#8221; el_class=&#8221;row-border-youpod&#8221;][vc_column width=&#8221;1\/4&#8243;]<style type=\"text\/css\" data-type=\"the7_shortcodes-inline-css\">#default-btn-a18d8a7247638a4ff6d76357f3c6d93b.ico-right-side > i {\n  margin-right: 0px;\n  margin-left: 8px;\n}\n#default-btn-a18d8a7247638a4ff6d76357f3c6d93b > i {\n  margin-right: 8px;\n}\n<\/style><div class=\"btn-align-center\"><a href=\"https:\/\/juriserver.de\/youpod.stagin\/upload\/quick\/\" class=\"default-btn-shortcode dt-btn dt-btn-l link-hover-off full-width-btn  vc_custom_1744120068357\" id=\"default-btn-a18d8a7247638a4ff6d76357f3c6d93b\"><i class=\"fas fa-cloud-upload-alt\"><\/i><span>Schneller Upload<\/span><\/a><\/div>[\/vc_column][vc_column width=&#8221;3\/4&#8243;][vc_column_text css=&#8221;&#8221;]Du hast ein spannendes Thema, ein cooles Video oder eine Idee, die D\u00fcsseldorf sehen und h\u00f6ren sollte? Schicke uns deine Tipps \u00fcber dieses E-Mail-Formular, wir machen daraus evt. einen Beitrag.[\/vc_column_text][\/vc_column][\/vc_row][vc_row full_width=&#8221;stretch_row&#8221; gap=&#8221;25&#8243; equal_height=&#8221;yes&#8221; content_placement=&#8221;middle&#8221; css=&#8221;.vc_custom_1744619292223{margin-bottom: 0px !important;}&#8221; el_class=&#8221;row-border-younews youpod_blur_loggedout&#8221;][vc_column width=&#8221;1\/4&#8243;]<style type=\"text\/css\" data-type=\"the7_shortcodes-inline-css\">#default-btn-13d2563f410049bb9291dab593f8d6ea.ico-right-side > i {\n  margin-right: 0px;\n  margin-left: 8px;\n}\n#default-btn-13d2563f410049bb9291dab593f8d6ea > i {\n  margin-right: 8px;\n}\n<\/style><div class=\"btn-align-center\"><a href=\"https:\/\/juriserver.de\/youpod.stagin\/upload\/editor\/?typ=younews&amp;beitrag=new\" class=\"default-btn-shortcode dt-btn dt-btn-l link-hover-off youpod-button-younews full-width-btn  vc_custom_1744019538989\" id=\"default-btn-13d2563f410049bb9291dab593f8d6ea\"><i class=\"far fa-newspaper\"><\/i><span>Neue youNEWS<\/span><\/a><\/div>[\/vc_column][vc_column width=&#8221;3\/4&#8243;][vc_column_text css=&#8221;&#8221;]Lege hier neue Nachrichtenbeitr\u00e4ge an.[\/vc_column_text][\/vc_column][\/vc_row][vc_row full_width=&#8221;stretch_row&#8221; gap=&#8221;25&#8243; equal_height=&#8221;yes&#8221; content_placement=&#8221;middle&#8221; css=&#8221;.vc_custom_1744619298100{margin-top: 0px !important;margin-bottom: 0px !important;}&#8221; el_class=&#8221;row-border-youhelp youpod_blur_loggedout&#8221;][vc_column width=&#8221;1\/4&#8243;]<style type=\"text\/css\" data-type=\"the7_shortcodes-inline-css\">#default-btn-f710e32e0e456fbcb308f12e8de94c2e.ico-right-side > i {\n  margin-right: 0px;\n  margin-left: 8px;\n}\n#default-btn-f710e32e0e456fbcb308f12e8de94c2e > i {\n  margin-right: 8px;\n}\n<\/style><div class=\"btn-align-center\"><a href=\"https:\/\/juriserver.de\/youpod.stagin\/upload\/editor\/?typ=youhelp&amp;beitrag=new\" class=\"default-btn-shortcode dt-btn dt-btn-l link-hover-off youpod-button-youhelp full-width-btn  vc_custom_1747816809493\" id=\"default-btn-f710e32e0e456fbcb308f12e8de94c2e\"><i class=\"fas fa-question-circle\"><\/i><span>Neue youHELP<\/span><\/a><\/div>[\/vc_column][vc_column width=&#8221;3\/4&#8243;][vc_column_text css=&#8221;&#8221;]Lege hier neue Beitr\u00e4ge mit Tipps und Hilfe an.[\/vc_column_text][\/vc_column][\/vc_row][vc_row full_width=&#8221;stretch_row&#8221; gap=&#8221;25&#8243; equal_height=&#8221;yes&#8221; content_placement=&#8221;middle&#8221; css=&#8221;.vc_custom_1744619303484{margin-top: 0px !important;margin-bottom: 0px !important;}&#8221; el_class=&#8221;row-border-youmap youpod_blur_loggedout&#8221;][vc_column width=&#8221;1\/4&#8243;]<style type=\"text\/css\" data-type=\"the7_shortcodes-inline-css\">#default-btn-0e109c9db3d50e89e7dbf3400c085f6b.ico-right-side > i {\n  margin-right: 0px;\n  margin-left: 8px;\n}\n#default-btn-0e109c9db3d50e89e7dbf3400c085f6b > i {\n  margin-right: 8px;\n}\n<\/style><div class=\"btn-align-center\"><a href=\"https:\/\/juriserver.de\/youpod.stagin\/upload\/editor\/?typ=youmap&amp;beitrag=new\" class=\"default-btn-shortcode dt-btn dt-btn-l link-hover-off youpod-button-youmap full-width-btn  vc_custom_1747816823816\" id=\"default-btn-0e109c9db3d50e89e7dbf3400c085f6b\"><i class=\"fas fa-map-marker-alt\"><\/i><span>Neuer youMAP-Eintrag<\/span><\/a><\/div>[\/vc_column][vc_column width=&#8221;3\/4&#8243;][vc_column_text css=&#8221;&#8221;]Lege hier neue Orte f\u00fcr den Stadtplan an.[\/vc_column_text][\/vc_column][\/vc_row][vc_row full_width=&#8221;stretch_row&#8221; gap=&#8221;25&#8243; equal_height=&#8221;yes&#8221; content_placement=&#8221;middle&#8221; css=&#8221;.vc_custom_1744619307553{margin-top: 0px !important;margin-bottom: 0px !important;}&#8221; el_class=&#8221;row-border-youevents youpod_blur_loggedout&#8221;][vc_column width=&#8221;1\/4&#8243;]<style type=\"text\/css\" data-type=\"the7_shortcodes-inline-css\">#default-btn-2df27481ba960f951cfa528341275240.ico-right-side > i {\n  margin-right: 0px;\n  margin-left: 8px;\n}\n#default-btn-2df27481ba960f951cfa528341275240 > i {\n  margin-right: 8px;\n}\n<\/style><div class=\"btn-align-center\"><a href=\"https:\/\/juriserver.de\/youpod.stagin\/upload\/editor\/?typ=youevent&amp;beitrag=new\" class=\"default-btn-shortcode dt-btn dt-btn-l link-hover-off youpod-button-youevents full-width-btn  vc_custom_1747816751662\" id=\"default-btn-2df27481ba960f951cfa528341275240\"><i class=\"far fa-calendar-alt\"><\/i><span>Neues youEVENT<\/span><\/a><\/div>[\/vc_column][vc_column width=&#8221;3\/4&#8243;][vc_column_text css=&#8221;&#8221;]Lege hier neue Termine f\u00fcr den Kalender an.[\/vc_column_text][\/vc_column][\/vc_row]<\/p>\n<\/div>","protected":false},"excerpt":{"rendered":"<p>[vc_row full_width=&#8221;stretch_row&#8221; css=&#8221;.vc_custom_1744621906566{margin-top: -20px !important;margin-bottom: 40px !important;background-image: url(https:\/\/juriserver.de\/youpod.stagin\/wp-content\/uploads\/2025\/03\/square_bg.webp?id=15562) !important;}&#8221; el_class=&#8221;youpod_hide_loggedin&#8221;][vc_column][vc_column_text css=&#8221;&#8221; el_class=&#8221;youpod_hide_loggedin&#8221;] Du bist (noch) nicht angemeldet &#8230; youpod.de lebt von Menschen wie dir. Sammel&#038;nbsp&#8230;<\/p>\n","protected":false},"author":1,"featured_media":15582,"parent":15572,"menu_order":3,"comment_status":"closed","ping_status":"closed","template":"","meta":{"inline_featured_image":false,"footnotes":""},"class_list":["post-15434","page","type-page","status-publish","has-post-thumbnail","hentry","description-off"],"_links":{"self":[{"href":"https:\/\/juriserver.de\/youpod.stagin\/wp-json\/wp\/v2\/pages\/15434","targetHints":{"allow":["GET"]}}],"collection":[{"href":"https:\/\/juriserver.de\/youpod.stagin\/wp-json\/wp\/v2\/pages"}],"about":[{"href":"https:\/\/juriserver.de\/youpod.stagin\/wp-json\/wp\/v2\/types\/page"}],"author":[{"embeddable":true,"href":"https:\/\/juriserver.de\/youpod.stagin\/wp-json\/wp\/v2\/users\/1"}],"replies":[{"embeddable":true,"href":"https:\/\/juriserver.de\/youpod.stagin\/wp-json\/wp\/v2\/comments?post=15434"}],"version-history":[{"count":27,"href":"https:\/\/juriserver.de\/youpod.stagin\/wp-json\/wp\/v2\/pages\/15434\/revisions"}],"predecessor-version":[{"id":44879,"href":"https:\/\/juriserver.de\/youpod.stagin\/wp-json\/wp\/v2\/pages\/15434\/revisions\/44879"}],"up":[{"embeddable":true,"href":"https:\/\/juriserver.de\/youpod.stagin\/wp-json\/wp\/v2\/pages\/15572"}],"wp:featuredmedia":[{"embeddable":true,"href":"https:\/\/juriserver.de\/youpod.stagin\/wp-json\/wp\/v2\/media\/15582"}],"wp:attachment":[{"href":"https:\/\/juriserver.de\/youpod.stagin\/wp-json\/wp\/v2\/media?parent=15434"}],"curies":[{"name":"wp","href":"https:\/\/api.w.org\/{rel}","templated":true}]}}