{"id":15587,"date":"2025-04-08T13:37:41","date_gmt":"2025-04-08T13:37:41","guid":{"rendered":"https:\/\/juriserver.de\/youpod.stagin\/?page_id=15587"},"modified":"2025-06-16T09:07:17","modified_gmt":"2025-06-16T07:07:17","slug":"quick","status":"publish","type":"page","link":"https:\/\/juriserver.de\/youpod.stagin\/upload\/quick\/","title":{"rendered":"Tipps einreichen"},"content":{"rendered":"<div class=\"wpb-content-wrapper\"><p>[vc_row full_width=&#8221;stretch_row&#8221; css=&#8221;.vc_custom_1744120677481{margin-top: -25px !important;margin-bottom: 40px !important;border-bottom-width: 20px !important;padding-top: 25px !important;background-image: url(https:\/\/juriserver.de\/youpod.stagin\/wp-content\/uploads\/2025\/03\/square_bg.webp?id=15562) !important;}&#8221;][vc_column][vc_column_text css=&#8221;&#8221;]<\/p>\n<p dir=\"auto\"><strong>Teile deine Stimme &#8211; schnell!<\/strong><br \/>\nDu hast ein spannendes Thema, ein cooles Video oder eine Idee, die D\u00fcsseldorf sehen und h\u00f6ren sollte? Nutze dieses Formular, um uns deinen Beitrag per E-Mail zu schicken. Wir pr\u00fcfen jede Einsendung und geben dir Bescheid, ob dein Beitrag online gestellt werden kann.<\/p>\n<p dir=\"auto\"><strong>Noch mehr M\u00f6glichkeiten mit Account:<\/strong><br \/>\nMit einem kostenlosen Account auf youpod.de kannst du deine Beitr\u00e4ge direkt hochladen, verwalten, Feedback erhalten, dich mit anderen jungen Reporter*innen vernetzen und Teil unserer Community werden. Au\u00dferdem bist du immer als Erste*r \u00fcber Aktionen, Workshops und exklusive Inhalte informiert! Jetzt <a href=\"https:\/\/juriserver.de\/youpod.stagin\/login\/\">anmelden<\/a> | <a href=\"https:\/\/juriserver.de\/youpod.stagin\/register\/\">registrieren<\/a>.<\/p>\n<p>[\/vc_column_text][\/vc_column][\/vc_row][vc_row][vc_column][vc_column_text]<div id=\"container\">\r\n  <div id=\"hint\">\r\n    <div id=\"hinttext\">\r\n      <h3>Dateien hochladen<\/h3>\r\n      <h4>Dateien ausw\u00e4hlen und <strong>danach auf \"Hochladen\" klicken<\/strong><\/h4>\r\n    <\/div>\r\n  <\/div>\r\n\r\n  <!-- Section 1: Media Upload -->\r\n  <div class=\"ypu-upload-section ypu-media-section\">\r\n    <h2>Medien<\/h2>\r\n    <div id=\"filelist\" class=\"ypu-filelist-cards\">\r\n      <!-- File cards will be appended here by JavaScript -->\r\n    <\/div>\r\n    <div id=\"buttons\">\r\n      <span class=\"button dt-btn dt-btn-m\" style=\"cursor:pointer\" id=\"btnBrowse\">Datei(en) ausw\u00e4hlen<\/span>\r\n      <span class=\"button dt-btn dt-btn-m\" style=\"cursor:pointer\" id=\"btnUpload\" disabled=\"disabled\">Hochladen<\/span>\r\n      <span class=\"button dt-btn dt-btn-m\" style=\"cursor:pointer\" id=\"btnClear\" disabled=\"disabled\">Liste leeren<\/span>\r\n      <small>Unterst\u00fctzt (max 30MB): Bilder: jpg, jpeg, gif, png, bmp, tif, tiff, svg, PDF: pdf, Office: doc, docx, xlsx, pptx, pub, odt, Text: txt, Medien: wav, mp3, mp4, ogg, avi, mkv, m4v, Archive: zip, rar<\/small>\r\n    <\/div>\r\n  <\/div>\r\n\r\n  <!-- Section 2: Form Details -->\r\n  <div class=\"ypu-upload-section ypu-details-section\">\r\n    <h2>Details zum Beitrag<\/h2>\r\n    <div id=\"form_fields\">\r\n      <p>\r\n        <label for=\"upload_title\">Titel:<\/label><br>\r\n        <input type=\"text\" id=\"upload_title\" name=\"upload_title\" style=\"width: 100%;\">\r\n      <\/p>\r\n      <p>\r\n        <label for=\"upload_email\">Deine E-Mail:<\/label><br>\r\n        <input type=\"email\" id=\"upload_email\" name=\"upload_email\" style=\"width: 100%;\">\r\n      <\/p>\r\n      <p>\r\n        <label for=\"upload_text\">Nachricht:<\/label><br>\r\n        <textarea id=\"upload_text\" name=\"upload_text\" rows=\"5\" style=\"width: 100%;\"><\/textarea>\r\n      <\/p>\r\n    <\/div>\r\n    <div id=\"submit_section\" style=\"display: none; margin-top: 15px; text-align: center;\">\r\n      <span class=\"button dt-btn dt-btn-l\" style=\"cursor:pointer;\" id=\"btnSubmitEinreichung\">Einreichung absenden<\/span>\r\n    <\/div>\r\n  <\/div>\r\n\r\n\r\n  <ul id=\"console\"><\/ul>\r\n<\/div>[\/vc_column_text][\/vc_column][\/vc_row]<\/p>\n<\/div>","protected":false},"excerpt":{"rendered":"<p>[vc_row full_width=&#8221;stretch_row&#8221; css=&#8221;.vc_custom_1744120677481{margin-top: -25px !important;margin-bottom: 40px !important;border-bottom-width: 20px !important;padding-top: 25px !important;background-image: url(https:\/\/juriserver.de\/youpod.stagin\/wp-content\/uploads\/2025\/03\/square_bg.webp?id=15562) !important;}&#8221;][vc_column][vc_column_text css=&#8221;&#8221;] Teile deine Stimme &#8211; schnell! Du hast ein spannendes Thema, ein&#038;nbsp&#8230;<\/p>\n","protected":false},"author":1,"featured_media":15453,"parent":15572,"menu_order":1,"comment_status":"closed","ping_status":"closed","template":"","meta":{"inline_featured_image":false,"footnotes":""},"class_list":["post-15587","page","type-page","status-publish","has-post-thumbnail","hentry","description-off"],"_links":{"self":[{"href":"https:\/\/juriserver.de\/youpod.stagin\/wp-json\/wp\/v2\/pages\/15587","targetHints":{"allow":["GET"]}}],"collection":[{"href":"https:\/\/juriserver.de\/youpod.stagin\/wp-json\/wp\/v2\/pages"}],"about":[{"href":"https:\/\/juriserver.de\/youpod.stagin\/wp-json\/wp\/v2\/types\/page"}],"author":[{"embeddable":true,"href":"https:\/\/juriserver.de\/youpod.stagin\/wp-json\/wp\/v2\/users\/1"}],"replies":[{"embeddable":true,"href":"https:\/\/juriserver.de\/youpod.stagin\/wp-json\/wp\/v2\/comments?post=15587"}],"version-history":[{"count":8,"href":"https:\/\/juriserver.de\/youpod.stagin\/wp-json\/wp\/v2\/pages\/15587\/revisions"}],"predecessor-version":[{"id":44895,"href":"https:\/\/juriserver.de\/youpod.stagin\/wp-json\/wp\/v2\/pages\/15587\/revisions\/44895"}],"up":[{"embeddable":true,"href":"https:\/\/juriserver.de\/youpod.stagin\/wp-json\/wp\/v2\/pages\/15572"}],"wp:featuredmedia":[{"embeddable":true,"href":"https:\/\/juriserver.de\/youpod.stagin\/wp-json\/wp\/v2\/media\/15453"}],"wp:attachment":[{"href":"https:\/\/juriserver.de\/youpod.stagin\/wp-json\/wp\/v2\/media?parent=15587"}],"curies":[{"name":"wp","href":"https:\/\/api.w.org\/{rel}","templated":true}]}}