{"id":3509,"date":"2024-08-20T09:50:12","date_gmt":"2024-08-20T09:50:12","guid":{"rendered":"https:\/\/juriserver.de\/youpod.stagin\/?page_id=3509"},"modified":"2025-07-08T11:57:08","modified_gmt":"2025-07-08T09:57:08","slug":"datenschutzerklaerung","status":"publish","type":"page","link":"https:\/\/juriserver.de\/youpod.stagin\/datenschutzerklaerung\/","title":{"rendered":"Datenschutz auf youpod.de &#8211; Datenschutzerkl\u00e4rung"},"content":{"rendered":"<div class=\"wpb-content-wrapper\"><p>[vc_row][vc_column][vc_column_text css=&#8221;&#8221;]Sch\u00f6n, dass Sie unsere Webseite besuchen! Datenschutz hat einen besonders hohen Stellenwert f\u00fcr uns. <strong>Eine Nutzung unser Internetseiten ist grunds\u00e4tzlich ohne jede Angabe personenbezogener Daten m\u00f6glich<\/strong>. Es fallen jedoch gewisse Daten an, die nach aktueller Rechtssprechung als personenbezogene Daten angesehen werden k\u00f6nnen. <strong>Wir erl\u00e4utern hier kurz und verst\u00e4ndlich, wie wir mit diesen umgehen. <\/strong><\/p>\n<h3>Keinerlei Weitergabe von Daten<\/h3>\n<blockquote><p>Wir geben grunds\u00e4tzlich keinerlei Daten die bei uns anfallen &#8211; ob personenbezogen oder nicht &#8211; ungefragt an Dritte weiter (es sei denn, wir sind gesetzlich dazu verpflichtet)!<\/p><\/blockquote>\n<h3>IP-Adressen<\/h3>\n<blockquote><p>Wenn Sie eine Webseite wie diese besuchen, wird Ihre <strong>IP-Adresse<\/strong> unserem Server bekannt. Wir ben\u00f6tigen diese z.B f\u00fcr unsere Sicherheitsmechanismen, die verhindern, dass unsere Webseiten angegriffen werden k\u00f6nnen. Ausschlie\u00dflich im Falle einer nicht-erfolgreichen Anmeldung im WordPress-Backend, oder anderen gesch\u00fctzten Bereichen wird diese IP-Adresse verwertet und dies ausschlie\u00dflich zu dem Zweck, diese IP-Adresse an weiteren Zugriffsversuchen zu hindern (<strong>Sperrliste<\/strong>). Es findet keine weitere Auswertung oder Weitergabe statt. <strong>Alle vom Webserver erfassten Daten werden regelm\u00e4\u00dfig automatisch gel\u00f6scht.<\/strong><\/p><\/blockquote>\n<h3>Cookies &amp; Statistiken<\/h3>\n<blockquote><p>Neben den systembedingten Cookies f\u00fcr Anmeldung, Registrierung, Sessions o.\u00c4, setzt unsere Statistik-L\u00f6sung Matomo einen Cookie um Nutzer*innen-Statistiken zu erstellen. Wir m\u00f6chten gerne verstehen, wie unsere Website benutzt wird und unsere Angebote kontinuierlich verbessern. <b>Matomo ist ein Open-Source Statistik-Tool, wird auf unserem eigenen Server betrieben und von Datenschutzbeh\u00f6rden ausdr\u00fccklich empfohlen. Die Daten verlassen nie unseren Zust\u00e4ndigkeitsbereich und sind nicht von Dritten einsehbar.\u00a0<\/b>Wenn Sie w\u00fcnschen, <a href=\"https:\/\/besucher.jugendring-duesseldorf.de\/index.php?module=CoreAdminHome&amp;action=optOut&amp;language=de&amp;backgroundColor=&amp;fontColor=&amp;fontSize=&amp;fontFamily=\" target=\"_blank\" rel=\"noopener noreferrer\">k\u00f6nnen Sie die Benutzerstatistiken \u00fcber diesen Link deaktivieren<\/a>. Alternativ k\u00f6nnen Sie in Ihrem Browser die Do-Not-Track Funktion aktivieren.<\/p><\/blockquote>\n<h3>Schutz von pers\u00f6nlichem Schriftverkehr<\/h3>\n<blockquote><p><strong>F\u00fcr unseren Email-Schriftverkehr legen wir Wert auf den gr\u00f6\u00dftm\u00f6glichen Schutz der Inhalte.<\/strong> Die Abfrage der Emails erfolgt ausschlie\u00dflich verschl\u00fcsselt. Bei der Verwendung von Kontaktformularen auf dieser Seite, werden die eingegebenen Daten nicht gesondert gespeichert, sondern ausschlie\u00dflich per Email weiterversendet.<\/p><\/blockquote>\n<h3>Externe Bibliotheken und Bilder<\/h3>\n<blockquote><p>Auf dieser Webseite werden teilweise externe Bibliotheken, Schriftarten und Bilder verwendet. Diese sind essentiell f\u00fcr die Funktion des Systems. Beim Besuch stellt Ihr Browser eine Verbindung zu dem Server der externen Bibliothek her und l\u00e4dt von dort ein Bild, ein Skript oder eine Schriftart herunter. Dabei wird diesem externen Server zumindest Ihre IP-Adresse und der verwendete Browser bekannt. <strong>Wir versuchen derzeit die Nutzung von externen Bibliotheken und Schriftarten soweit wie m\u00f6glich zu minimieren<\/strong>, diese sind jedoch stark in das System (WordPress) integriert, weshalb eine vollst\u00e4ndige Umstellung zur Zeit noch etwas schwierig ist.<\/p><\/blockquote>\n<h3>Kontaktformulare<\/h3>\n<blockquote><p>Wenn Sie unsere Kontaktformulare verwenden, speichern wir Ihre Daten ausschlie\u00dflich zum Zwecke der Beantwortung Ihres Anliegens. Sie k\u00f6nnen Ihre Zustimmung jederzeit widerrufen und die L\u00f6schung Ihrer Kontaktdaten anfordern.<\/p><\/blockquote>\n<h3>Nutzerfunktionen &amp; Registrierung &#8211; Ultimate Member<\/h3>\n<blockquote>\n<p dir=\"auto\">Ultimate Member bietet Formulare f\u00fcr Benutzerregistrierung, Anmeldung und Profile. \u00dcber diese Formulare werden pers\u00f6nliche Daten der Nutzer gesammelt.<\/p>\n<p dir=\"auto\"><strong>Wie lange Daten gespeichert werden:\u00a0<\/strong>Registrierte Benutzerinformationen bleiben auf unbestimmte Zeit in der Datenbank der Website gespeichert.<br \/>\nDaten k\u00f6nnen auf Wunsch des Benutzers exportiert oder entfernt werden.<\/p>\n<p dir=\"auto\"><strong>Wohin Daten versendet werden:\u00a0<\/strong>Ultimate Member sendet standardm\u00e4\u00dfig keine Benutzerdaten zu externen Servern.<\/p>\n<\/blockquote>\n<h3>Privacy-Suite von Complianz<\/h3>\n<blockquote><p>Diese Website verwendet die Privacy Suite f\u00fcr WordPress von Complianz, um browser- und ger\u00e4tebasierte Einwilligungen zu erfassen und zu protokollieren. Zu diesem Zweck wird die IP-Adresse anonymisiert und in unserer Datenbank gespeichert. Dieser Dienst verarbeitet keine personenbezogenen Daten und gibt keine Daten an den Anbieter weiter. <a href=\"https:\/\/complianz.io\/legal\/privacy-statement\/\">Weitere Informationen finden sich in der Datenschutzerkl\u00e4rung von Complianz<\/a>.<\/p><\/blockquote>\n<p>[\/vc_column_text][vc_empty_space][vc_empty_space][vc_column_text css=&#8221;&#8221;]<\/p>\n<h1>Datenschutzerkl\u00e4rung<\/h1>\n<p><strong>Allgemeiner Hinweis und Pflichtinformationen<\/strong><\/p>\n<div class=\"s3-t s3-t0\">\n<p><strong>Benennung der verantwortlichen Stelle<\/strong><\/p>\n<p>Die verantwortliche Stelle f\u00fcr die Datenverarbeitung auf dieser Website ist:<\/p>\n<blockquote><p><b><strong>Herausgeber<\/strong><br \/>\n<\/b>Achim Radau-Kr\u00fcger<br \/>\nGesch\u00e4ftsf\u00fchrer des<br \/>\nTr\u00e4gervereins des Jugendringes D\u00fcsseldorf e.V.<\/p>\n<p>Lacombletstr. 10<br \/>\n40239 D\u00fcsseldorf<\/p>\n<p>Tel: 0211\/ 975377 0<br \/>\nFax: 0211\/ 975377 50<br \/>\n<a href=\"mailto:info@jugendring-duesseldorf.de\">info@jugendring-duesseldorf.de<\/a><\/p><\/blockquote>\n<div class=\"s3-t s3-t0\">\n<p>Die verantwortliche Stelle entscheidet allein oder gemeinsam mit anderen \u00fcber die Zwecke und Mittel der Verarbeitung von personenbezogenen Daten (z.B. Namen, Kontaktdaten o. \u00c4.).<\/p>\n<p><strong>Widerruf Ihrer Einwilligung zur Datenverarbeitung<\/strong><\/p>\n<p>Nur mit Ihrer ausdr\u00fccklichen Einwilligung sind einige Vorg\u00e4nge der Datenverarbeitung m\u00f6glich. Ein Widerruf Ihrer bereits erteilten Einwilligung ist jederzeit m\u00f6glich. F\u00fcr den Widerruf gen\u00fcgt eine formlose Mitteilung per E-Mail. Die Rechtm\u00e4\u00dfigkeit der bis zum Widerruf erfolgten Datenverarbeitung bleibt vom Widerruf unber\u00fchrt.<\/p>\n<p><strong>Recht auf Beschwerde bei der zust\u00e4ndigen Aufsichtsbeh\u00f6rde<\/strong><\/p>\n<p>Als Betroffener steht Ihnen im Falle eines datenschutzrechtlichen Versto\u00dfes ein Beschwerderecht bei der zust\u00e4ndigen Aufsichtsbeh\u00f6rde zu. Zust\u00e4ndige Aufsichtsbeh\u00f6rde bez\u00fcglich datenschutzrechtlicher Fragen ist der Landesdatenschutzbeauftragte des Bundeslandes, in dem sich der Sitz unseres Unternehmens befindet. Der folgende Link stellt eine Liste der Datenschutzbeauftragten sowie deren Kontaktdaten bereit:\u00a0<a href=\"https:\/\/www.bfdi.bund.de\/DE\/Infothek\/Anschriften_Links\/anschriften_links-node.html\" target=\"_blank\" rel=\"noopener noreferrer\">https:\/\/www.bfdi.bund.de\/DE\/Infothek\/Anschriften_Links\/anschriften_links-node.html<\/a>.<\/p>\n<p><strong>Recht auf Daten\u00fcbertragbarkeit<\/strong><\/p>\n<p>Ihnen steht das Recht zu, Daten, die wir auf Grundlage Ihrer Einwilligung oder in Erf\u00fcllung eines Vertrags automatisiert verarbeiten, an sich oder an Dritte aush\u00e4ndigen zu lassen. Die Bereitstellung erfolgt in einem maschinenlesbaren Format. Sofern Sie die direkte \u00dcbertragung der Daten an einen anderen Verantwortlichen verlangen, erfolgt dies nur, soweit es technisch machbar ist.<\/p>\n<p><strong>Recht auf Auskunft, Berichtigung, Sperrung, L\u00f6schung<\/strong><\/p>\n<p>Sie haben jederzeit im Rahmen der geltenden gesetzlichen Bestimmungen das Recht auf unentgeltliche Auskunft \u00fcber Ihre gespeicherten personenbezogenen Daten, Herkunft der Daten, deren Empf\u00e4nger und den Zweck der Datenverarbeitung und ggf. ein Recht auf Berichtigung, Sperrung oder L\u00f6schung dieser Daten. Diesbez\u00fcglich und auch zu weiteren Fragen zum Thema personenbezogene Daten k\u00f6nnen Sie sich jederzeit \u00fcber die im Impressum aufgef\u00fchrten Kontaktm\u00f6glichkeiten an uns wenden.<\/p>\n<p><strong>SSL- bzw. TLS-Verschl\u00fcsselung<\/strong><\/p>\n<p>Aus Sicherheitsgr\u00fcnden und zum Schutz der \u00dcbertragung vertraulicher Inhalte, die Sie an uns als Seitenbetreiber senden, nutzt unsere Website eine SSL-bzw. TLS-Verschl\u00fcsselung. Damit sind Daten, die Sie \u00fcber diese Website \u00fcbermitteln, f\u00fcr Dritte nicht mitlesbar. Sie erkennen eine verschl\u00fcsselte Verbindung an der \u201ehttps:\/\/\u201c Adresszeile Ihres Browsers und am Schloss-Symbol in der Browserzeile.<\/p>\n<\/div>\n<div class=\"s3-t s3-t2\">\n<p><strong>Server-Log-Dateien<\/strong><\/p>\n<p>In Server-Log-Dateien erhebt und speichert der Provider der Website automatisch Informationen, die Ihr Browser automatisch an uns \u00fcbermittelt. Dies sind:<\/p>\n<ul>\n<li>Browsertyp und Browserversion<\/li>\n<li>Verwendetes Betriebssystem<\/li>\n<li>Referrer URL<\/li>\n<li>Hostname des zugreifenden Rechners<\/li>\n<li>Uhrzeit der Serveranfrage<\/li>\n<li>IP-Adresse<\/li>\n<\/ul>\n<p>Es findet keine Zusammenf\u00fchrung dieser Daten mit anderen Datenquellen statt. Grundlage der Datenverarbeitung bildet Art. 6 Abs. 1 lit. b DSGVO, der die Verarbeitung von Daten zur Erf\u00fcllung eines Vertrags oder vorvertraglicher Ma\u00dfnahmen gestattet.<\/p>\n<\/div>\n<div class=\"s3-t s3-t4\">\n<p><strong>Registrierung auf dieser Website<\/strong><\/p>\n<p>Zur Nutzung bestimmter Funktionen k\u00f6nnen Sie sich auf unserer Website registrieren. Die \u00fcbermittelten Daten dienen ausschlie\u00dflich zum Zwecke der Nutzung des jeweiligen Angebotes oder Dienstes. Bei der Registrierung abgefragte Pflichtangaben sind vollst\u00e4ndig anzugeben. Andernfalls werden wir die Registrierung ablehnen.<\/p>\n<p>Im Falle wichtiger \u00c4nderungen, etwa aus technischen Gr\u00fcnden, informieren wir Sie per E-Mail. Die E-Mail wird an die Adresse versendet, die bei der Registrierung angegeben wurde.<\/p>\n<p>Die Verarbeitung der bei der Registrierung eingegebenen Daten erfolgt auf Grundlage Ihrer Einwilligung (Art. 6 Abs. 1 lit. a DSGVO). Ein Widerruf Ihrer bereits erteilten Einwilligung ist jederzeit m\u00f6glich. F\u00fcr den Widerruf gen\u00fcgt eine formlose Mitteilung per E-Mail. Die Rechtm\u00e4\u00dfigkeit der bereits erfolgten Datenverarbeitung bleibt vom Widerruf unber\u00fchrt.<\/p>\n<p>Wir speichern die bei der Registrierung erfassten Daten w\u00e4hrend des Zeitraums, den Sie auf unserer Website registriert sind. Ihren Daten werden gel\u00f6scht, sollten Sie Ihre Registrierung aufheben. Gesetzliche Aufbewahrungsfristen bleiben unber\u00fchrt.<\/p>\n<\/div>\n<div class=\"s3-t s3-t5\">\n<p><strong>Kontaktformular<\/strong><\/p>\n<p>Per Kontaktformular \u00fcbermittelte Daten werden einschlie\u00dflich Ihrer Kontaktdaten gespeichert, um Ihre Anfrage bearbeiten zu k\u00f6nnen oder um f\u00fcr Anschlussfragen bereitzustehen. Eine Weitergabe dieser Daten findet ohne Ihre Einwilligung nicht statt.<\/p>\n<p>Die Verarbeitung der in das Kontaktformular eingegebenen Daten erfolgt ausschlie\u00dflich auf Grundlage Ihrer Einwilligung (Art. 6 Abs. 1 lit. a DSGVO). Ein Widerruf Ihrer bereits erteilten Einwilligung ist jederzeit m\u00f6glich. F\u00fcr den Widerruf gen\u00fcgt eine formlose Mitteilung per E-Mail. Die Rechtm\u00e4\u00dfigkeit der bis zum Widerruf erfolgten Datenverarbeitungsvorg\u00e4nge bleibt vom Widerruf unber\u00fchrt.<\/p>\n<p>\u00dcber das Kontaktformular \u00fcbermittelte Daten verbleiben bei uns, bis Sie uns zur L\u00f6schung auffordern, Ihre Einwilligung zur Speicherung widerrufen oder keine Notwendigkeit der Datenspeicherung mehr besteht. Zwingende gesetzliche Bestimmungen &#8211; insbesondere Aufbewahrungsfristen &#8211; bleiben unber\u00fchrt.<\/p>\n<\/div>\n<div class=\"s3-t s3-t8\">\n<p>&nbsp;<\/p>\n<\/div>\n<div class=\"s3-t s3-t12\">\n<p><strong>Cookies<\/strong><\/p>\n<p>Unsere Website verwendet Cookies. Das sind kleine Textdateien, die Ihr Webbrowser auf Ihrem Endger\u00e4t speichert. Cookies helfen uns dabei, unser Angebot nutzerfreundlicher, effektiver und sicherer zu machen.<\/p>\n<p>Einige Cookies sind \u201cSession-Cookies.\u201d Solche Cookies werden nach Ende Ihrer Browser-Sitzung von selbst gel\u00f6scht. Hingegen bleiben andere Cookies auf Ihrem Endger\u00e4t bestehen, bis Sie diese selbst l\u00f6schen. Solche Cookies helfen uns, Sie bei R\u00fcckkehr auf unserer Website wiederzuerkennen.<\/p>\n<p>Mit einem modernen Webbrowser k\u00f6nnen Sie das Setzen von Cookies \u00fcberwachen, einschr\u00e4nken oder unterbinden. Viele Webbrowser lassen sich so konfigurieren, dass Cookies mit dem Schlie\u00dfen des Programms von selbst gel\u00f6scht werden. Die Deaktivierung von Cookies kann eine eingeschr\u00e4nkte Funktionalit\u00e4t unserer Website zur Folge haben.<\/p>\n<p>Das Setzen von Cookies, die zur Aus\u00fcbung elektronischer Kommunikationsvorg\u00e4nge oder der Bereitstellung bestimmter, von Ihnen erw\u00fcnschter Funktionen notwendig sind, erfolgt auf Grundlage von Art. 6 Abs. 1 lit. f DSGVO. Als Betreiber dieser Website haben wir ein berechtigtes Interesse an der Speicherung von Cookies zur technisch fehlerfreien und reibungslosen Bereitstellung unserer Dienste. Sofern die Setzung anderer Cookies (z.B. f\u00fcr Analyse-Funktionen) erfolgt, werden diese in dieser Datenschutzerkl\u00e4rung separat behandelt.<\/p>\n<\/div>\n<div class=\"s3-t s3-t0\">\n<h4><small>Quelle: Datenschutz-Konfigurator von\u00a0<a href=\"http:\/\/www.mein-datenschutzbeauftragter.de\/\" target=\"_blank\" rel=\"noopener noreferrer\">mein-datenschutzbeauftragter.de<\/a><\/small><\/h4>\n<hr \/>\n<p><strong>Google reCAPTCHA<\/strong><\/p>\n<p>In unserem Internetauftritt setzen wir zeitweise Google reCAPTCHA zur \u00dcberpr\u00fcfung und Vermeidung von Interaktionen auf unserer Internetseite durch automatisierte Zugriffe, bspw. durch sog. Bots, ein. Es handelt sich hierbei um einen Dienst der Google LLC, 1600 Amphitheatre Parkway, Mountain View, CA 94043 USA, nachfolgend nur \u201eGoogle\u201c genannt.<\/p>\n<p>Durch die Zertifizierung nach dem EU-US-Datenschutzschild (\u201eEU-US Privacy Shield\u201c)<\/p>\n<p><a href=\"https:\/\/www.privacyshield.gov\/participant?id=a2zt000000001L5AAI&amp;status=Active\" target=\"_blank\" rel=\"nofollow noopener noreferrer\">https:\/\/www.privacyshield.gov\/participant?id=a2zt000000001L5AAI&amp;status=Active<\/a><\/p>\n<p>garantiert Google, dass die Datenschutzvorgaben der EU auch bei der Verarbeitung von Daten in den USA eingehalten werden.<\/p>\n<p>Durch diesen Dienst kann Google ermitteln, von welcher Webseite eine Anfrage gesendet wird sowie von welcher IP-Adresse aus Sie die sog. reCAPTCHA-Eingabebox verwenden. Neben Ihrer IP-Adresse werden wom\u00f6glich noch weitere Informationen durch Google erfasst, die f\u00fcr das Angebot und die Gew\u00e4hrleistung dieses Dienstes notwendig sind.<\/p>\n<p>Rechtsgrundlage ist Art. 6 Abs. 1 lit. f) DSGVO. Unser berechtigtes Interesse liegt in der Sicherheit unseres Internetauftritts sowie in der Abwehr unerw\u00fcnschter, automatisierter Zugriffe in Form von Spam o.\u00e4..<\/p>\n<p>Google bietet unter<\/p>\n<p><a href=\"https:\/\/policies.google.com\/privacy\" target=\"_blank\" rel=\"nofollow noopener noreferrer\">https:\/\/policies.google.com\/privacy<\/a><\/p>\n<p>weitergehende Informationen zu dem allgemeinen Umgang mit Ihren Nutzerdaten an.<\/p>\n<p><strong>Google Fonts<\/strong><\/p>\n<p>In unserem Internetauftritt setzen wir Google Fonts zur Darstellung externer Schriftarten ein. Die Schriftarten werden lokal von unserem Server bedient, und im Regelfall wird f\u00fcr die Schriftarten kein Kontakt zu externen Servern hergestellt. Im Falle eines technischen Fehlers, l\u00e4sst sich jedoch systembedingt nicht ausschlie\u00dfen, dass im Ausnahmefall doch Schriftarten von Google-Servern geladen werden. Sollten Sie so einen Fall bemerken, kontaktieren Sie uns bitte!<br \/>\nEs handelt sich hierbei um einen Dienst der Google LLC, 1600 Amphitheatre Parkway, Mountain View, CA 94043 USA, nachfolgend nur \u201eGoogle\u201c genannt.<\/p>\n<p>Durch die Zertifizierung nach dem EU-US-Datenschutzschild (\u201eEU-US Privacy Shield\u201c)<\/p>\n<p><a href=\"https:\/\/www.privacyshield.gov\/participant?id=a2zt000000001L5AAI&amp;status=Active\" target=\"_blank\" rel=\"nofollow noopener noreferrer\">https:\/\/www.privacyshield.gov\/participant?id=a2zt000000001L5AAI&amp;status=Active<\/a><\/p>\n<p>garantiert Google, dass die Datenschutzvorgaben der EU auch bei der Verarbeitung von Daten in den USA eingehalten werden.<\/p>\n<p>Um die Darstellung bestimmter Schriften in unserem Internetauftritt zu erm\u00f6glichen, wird bei Aufruf unseres Internetauftritts eine Verbindung zu dem Google-Server in den USA aufgebaut.<\/p>\n<p>Rechtsgrundlage ist Art. 6 Abs. 1 lit. f) DSGVO. Unser berechtigtes Interesse liegt in der Optimierung und dem wirtschaftlichen Betrieb unseres Internetauftritts.<\/p>\n<p>Durch die bei Aufruf unseres Internetauftritts hergestellte Verbindung zu Google kann Google ermitteln, von welcher Website Ihre Anfrage gesendet worden ist und an welche IP-Adresse die Darstellung der Schrift zu \u00fcbermitteln ist.<\/p>\n<p>Google bietet unter<\/p>\n<p><a href=\"https:\/\/adssettings.google.com\/authenticated\" target=\"_blank\" rel=\"nofollow noopener noreferrer\">https:\/\/adssettings.google.com\/authenticated<\/a><\/p>\n<p><a href=\"https:\/\/policies.google.com\/privacy\" target=\"_blank\" rel=\"nofollow noopener noreferrer\">https:\/\/policies.google.com\/privacy<\/a><\/p>\n<p>weitere Informationen an und zwar insbesondere zu den M\u00f6glichkeiten der Unterbindung der Datennutzung.<\/p>\n<p>&nbsp;<\/p>\n<p><small><a href=\"https:\/\/www.ratgeberrecht.eu\/leistungen\/muster-datenschutzerklaerung.html\" target=\"_blank\" rel=\"noopener noreferrer\">Quelle: Muster-Datenschutzerkl\u00e4rung<\/a>\u00a0der\u00a0<a href=\"https:\/\/www.ratgeberrecht.eu\/\" target=\"_blank\" rel=\"noopener noreferrer\">Anwaltskanzlei Wei\u00df &amp; Partner<\/a><\/small><\/p>\n<\/div>\n<\/div>\n<div class=\"s3-t s3-t12\"><\/div>\n<p>[\/vc_column_text][\/vc_column][\/vc_row]<\/p>\n<\/div>","protected":false},"excerpt":{"rendered":"<p>[vc_row][vc_column][vc_column_text css=&#8221;&#8221;]Sch\u00f6n, dass Sie unsere Webseite besuchen! Datenschutz hat einen besonders hohen Stellenwert f\u00fcr uns. Eine Nutzung unser Internetseiten ist grunds\u00e4tzlich ohne jede Angabe personenbezogener&#038;nbsp&#8230;<\/p>\n","protected":false},"author":1,"featured_media":45020,"parent":0,"menu_order":16,"comment_status":"closed","ping_status":"closed","template":"","meta":{"inline_featured_image":false,"footnotes":""},"class_list":["post-3509","page","type-page","status-publish","has-post-thumbnail","hentry","description-off"],"_links":{"self":[{"href":"https:\/\/juriserver.de\/youpod.stagin\/wp-json\/wp\/v2\/pages\/3509","targetHints":{"allow":["GET"]}}],"collection":[{"href":"https:\/\/juriserver.de\/youpod.stagin\/wp-json\/wp\/v2\/pages"}],"about":[{"href":"https:\/\/juriserver.de\/youpod.stagin\/wp-json\/wp\/v2\/types\/page"}],"author":[{"embeddable":true,"href":"https:\/\/juriserver.de\/youpod.stagin\/wp-json\/wp\/v2\/users\/1"}],"replies":[{"embeddable":true,"href":"https:\/\/juriserver.de\/youpod.stagin\/wp-json\/wp\/v2\/comments?post=3509"}],"version-history":[{"count":6,"href":"https:\/\/juriserver.de\/youpod.stagin\/wp-json\/wp\/v2\/pages\/3509\/revisions"}],"predecessor-version":[{"id":45023,"href":"https:\/\/juriserver.de\/youpod.stagin\/wp-json\/wp\/v2\/pages\/3509\/revisions\/45023"}],"wp:featuredmedia":[{"embeddable":true,"href":"https:\/\/juriserver.de\/youpod.stagin\/wp-json\/wp\/v2\/media\/45020"}],"wp:attachment":[{"href":"https:\/\/juriserver.de\/youpod.stagin\/wp-json\/wp\/v2\/media?parent=3509"}],"curies":[{"name":"wp","href":"https:\/\/api.w.org\/{rel}","templated":true}]}}