{"id":3512,"date":"2024-08-20T09:50:21","date_gmt":"2024-08-20T09:50:21","guid":{"rendered":"https:\/\/juriserver.de\/youpod.stagin\/?page_id=3512"},"modified":"2025-06-03T09:58:38","modified_gmt":"2025-06-03T07:58:38","slug":"impressum","status":"publish","type":"page","link":"https:\/\/juriserver.de\/youpod.stagin\/impressum\/","title":{"rendered":"Impressum"},"content":{"rendered":"<h3>Herausgeber &amp; V. i. S. d. P.<\/h3>\n<p>Achim Radau-Kr\u00fcger<br \/>\nGesch\u00e4ftsf\u00fchrer des\u00a0<a href=\"http:\/\/www.jugendring-duesseldorf.de\/jugendring\/wir-ueber-uns\/\" target=\"_blank\" rel=\"noopener\">Tr\u00e4gervereins des Jugendringes D\u00fcsseldorf e. V.<\/a><\/p>\n<p>Lacombletstra\u00dfe 10<br \/>\n40239 D\u00fcsseldorf<\/p>\n<p>Telefon: 0211 &#8211; 97 53 77 10<br \/>\nFax: 0211 &#8211; 97 53 77 50<br \/>\nE-Mail:\u00a0<a href=\"mailto:info@jugendring-duesseldorf.de\">info@jugendring-duesseldorf.de<\/a><\/p>\n<h3>Ansprechpartnerin<\/h3>\n<p>Jennifer T\u00f6pperwein<br \/>\nTr\u00e4gerverein des Jugendringes D\u00fcsseldorf e. V.<\/p>\n<p>Lacombletstra\u00dfe 10<br \/>\n40239 D\u00fcsseldorf<\/p>\n<p>Telefon: 0211 &#8211; 97 53 77 30<br \/>\nFax: 0211 &#8211; 97 53 77 58<br \/>\nE-Mail:\u00a0<a href=\"mailto:info@youpod.de\">info@youpod.de<\/a><\/p>\n<hr \/>\n<h3>Rechtshinweis<\/h3>\n<p>Alle in unseren Internetseiten enthaltenen Angaben und Informationen wurden vom Tr\u00e4gerverein des Jugendringes D\u00fcsseldorf (im folgenden kurz &#8220;Jugendring&#8221;) oder Dritten sorgf\u00e4ltig recherchiert und gepr\u00fcft. F\u00fcr Richtigkeit, Vollst\u00e4ndigkeit und Aktualit\u00e4t k\u00f6nnen weder der Jugendring noch dritte Lieferanten die Haftung \u00fcbernehmen.<\/p>\n<p>Alle Informationen dienen ausschlie\u00dflich zur Information der Besucher von www.youpod.de. Im \u00dcbrigen ist die Haftung auf Vorsatz oder grobe Fahrl\u00e4ssigkeit beschr\u00e4nkt.<\/p>\n<p>F\u00fcr Internetseiten Dritter, auf die durch Hyperlink verwiesen wird, tragen die jeweiligen Anbieter die Verantwortung. Der Jugendring ist f\u00fcr den Inhalt solcher Seiten Dritter nicht verantwortlich.<\/p>\n<p>Des Weiteren kann die Webseite www.youpod.de ohne Wissen der Redaktion oder des Jugendringes von einer anderen Webseite mittels Hyperlink angelinkt worden sein. Die Redaktion oder der Jugendring \u00fcbernehmen keine Verantwortung f\u00fcr Darstellungen, Inhalte oder irgendeine Verbindung zu den Webseiten Dritter.<\/p>\n<p>Au\u00dferdem beh\u00e4lt sich der Jugendring das Recht vor, \u00c4nderungen oder Erg\u00e4nzungen der bereitgestellten Informationen vorzunehmen.<\/p>\n<p>Inhalt und Struktur der Webseite www.youpod.de sind urheberrechtlich gesch\u00fctzt. Die Vervielf\u00e4ltigung von Informationen oder Daten, insbesondere die Verwendung von Texten, Textteilen oder Bildmaterial bedarf der ausdr\u00fccklichen vorherigen Zustimmung durch den Jugendring.<\/p>\n<p>(Angabe gem\u00e4\u00df Anbieterkennzeichnung des Telemediengesetzes)<\/p>\n","protected":false},"excerpt":{"rendered":"<p>Herausgeber &amp; V. i. S. d. P. Achim Radau-Kr\u00fcger Gesch\u00e4ftsf\u00fchrer des\u00a0Tr\u00e4gervereins des Jugendringes D\u00fcsseldorf e. V. Lacombletstra\u00dfe 10 40239 D\u00fcsseldorf Telefon: 0211 &#8211; 97 53&#038;nbsp&#8230;<\/p>\n","protected":false},"author":1,"featured_media":44868,"parent":0,"menu_order":15,"comment_status":"closed","ping_status":"closed","template":"","meta":{"inline_featured_image":false,"footnotes":""},"class_list":["post-3512","page","type-page","status-publish","has-post-thumbnail","hentry","description-off"],"_links":{"self":[{"href":"https:\/\/juriserver.de\/youpod.stagin\/wp-json\/wp\/v2\/pages\/3512","targetHints":{"allow":["GET"]}}],"collection":[{"href":"https:\/\/juriserver.de\/youpod.stagin\/wp-json\/wp\/v2\/pages"}],"about":[{"href":"https:\/\/juriserver.de\/youpod.stagin\/wp-json\/wp\/v2\/types\/page"}],"author":[{"embeddable":true,"href":"https:\/\/juriserver.de\/youpod.stagin\/wp-json\/wp\/v2\/users\/1"}],"replies":[{"embeddable":true,"href":"https:\/\/juriserver.de\/youpod.stagin\/wp-json\/wp\/v2\/comments?post=3512"}],"version-history":[{"count":4,"href":"https:\/\/juriserver.de\/youpod.stagin\/wp-json\/wp\/v2\/pages\/3512\/revisions"}],"predecessor-version":[{"id":44869,"href":"https:\/\/juriserver.de\/youpod.stagin\/wp-json\/wp\/v2\/pages\/3512\/revisions\/44869"}],"wp:featuredmedia":[{"embeddable":true,"href":"https:\/\/juriserver.de\/youpod.stagin\/wp-json\/wp\/v2\/media\/44868"}],"wp:attachment":[{"href":"https:\/\/juriserver.de\/youpod.stagin\/wp-json\/wp\/v2\/media?parent=3512"}],"curies":[{"name":"wp","href":"https:\/\/api.w.org\/{rel}","templated":true}]}}